{"id":45,"date":"2022-05-04T10:43:08","date_gmt":"2022-05-04T10:43:08","guid":{"rendered":"https:\/\/energeticthemes.com\/realome\/?page_id=45"},"modified":"2024-06-25T14:12:25","modified_gmt":"2024-06-25T12:12:25","slug":"contacto","status":"publish","type":"page","link":"https:\/\/aldeasvivas.gal\/es\/contacto\/","title":{"rendered":"Contacto"},"content":{"rendered":"<div class=\"wp-block-columns alignwide are-vertically-aligned-top is-layout-flex wp-container-core-columns-is-layout-9bcac204 wp-block-columns-is-layout-flex\" style=\"padding-top:64px;padding-bottom:96px\">\n<div class=\"wp-block-column is-vertically-aligned-top is-layout-flow wp-block-column-is-layout-flow\" style=\"flex-basis:66.666666666667%\">\n<div class=\"wp-block-group alignwide has-border-color has-foreground-border-color has-white-background-color has-background is-layout-flow wp-block-group-is-layout-flow\" style=\"border-style:solid;border-width:2px;border-radius:8px;padding-top:64px;padding-right:24px;padding-bottom:64px;padding-left:24px\">\n<div class=\"wp-block-group is-layout-constrained wp-block-group-is-layout-constrained\">\n<h6 class=\"wp-block-heading has-tertiary-color has-text-color has-small-font-size\" style=\"margin-bottom:0px\">Aldeas Vivas \u2013 GDR3 Monta\u00f1as e Vales Orientais \u2013 Federaci\u00f3n Galega de Municipios e Provincias<\/h6>\n\n\n\n<h2 class=\"wp-block-heading has-xx-large-font-size\" style=\"margin-top:2px;margin-bottom:16px;line-height:1.2\">\u00a1Escr\u00edbenos!<\/h2>\n\n\n\n<p class=\"mt-0\">Estaremos encantados de leer tus preguntas o comentarios.<\/p>\n\n\n<style id=\"wpforms-css-vars-root\">\n\t\t\t\t:root {\n\t\t\t\t\t--wpforms-field-border-radius: 3px;\n--wpforms-field-background-color: #ffffff;\n--wpforms-field-border-color: rgba( 0, 0, 0, 0.25 );\n--wpforms-field-text-color: rgba( 0, 0, 0, 0.7 );\n--wpforms-label-color: rgba( 0, 0, 0, 0.85 );\n--wpforms-label-sublabel-color: rgba( 0, 0, 0, 0.55 );\n--wpforms-label-error-color: #d63637;\n--wpforms-button-border-radius: 3px;\n--wpforms-button-background-color: #066aab;\n--wpforms-button-text-color: #ffffff;\n--wpforms-page-break-color: #066aab;\n--wpforms-field-size-input-height: 43px;\n--wpforms-field-size-input-spacing: 15px;\n--wpforms-field-size-font-size: 16px;\n--wpforms-field-size-line-height: 19px;\n--wpforms-field-size-padding-h: 14px;\n--wpforms-field-size-checkbox-size: 16px;\n--wpforms-field-size-sublabel-spacing: 5px;\n--wpforms-field-size-icon-size: 1;\n--wpforms-label-size-font-size: 16px;\n--wpforms-label-size-line-height: 19px;\n--wpforms-label-size-sublabel-font-size: 14px;\n--wpforms-label-size-sublabel-line-height: 17px;\n--wpforms-button-size-font-size: 17px;\n--wpforms-button-size-height: 41px;\n--wpforms-button-size-padding-h: 15px;\n--wpforms-button-size-margin-top: 10px;\n\n\t\t\t\t}\n\t\t\t<\/style><div class=\"wpforms-container wpforms-container-full wpforms-block wpforms-block-6562b6fc-6520-4fdf-9661-fc10bce4e2e6 wpforms-render-modern\" id=\"wpforms-5642\"><form id=\"wpforms-form-5642\" class=\"wpforms-validate wpforms-form wpforms-ajax-form\" data-formid=\"5642\" method=\"post\" enctype=\"multipart\/form-data\" action=\"\/es\/wp-json\/wp\/v2\/pages\/45\" data-token=\"f9d99747008aa1cfa72a28df0fa66a50\" data-trp-original-action=\"\/es\/wp-json\/wp\/v2\/pages\/45\"><noscript class=\"wpforms-error-noscript\">Habilite JavaScript en su navegador para completar este formulario.<\/noscript><div class=\"wpforms-hidden\" id=\"wpforms-error-noscript\">Habilite JavaScript en su navegador para completar este formulario.<\/div><div class=\"wpforms-field-container\"><div id=\"wpforms-5642-field_0-container\" class=\"wpforms-field wpforms-field-name\" data-field-id=\"0\"><fieldset><legend class=\"wpforms-field-label\">Nombre <span class=\"wpforms-required-label\" aria-hidden=\"true\">*<\/span><\/legend><div class=\"wpforms-field-row wpforms-field-medium\"><div class=\"wpforms-field-row-block wpforms-first wpforms-one-half\"><input type=\"text\" id=\"wpforms-5642-field_0\" class=\"wpforms-field-name-first wpforms-field-required\" name=\"wpforms[fields][0][first]\" aria-errormessage=\"wpforms-5642-field_0-error\" required><label for=\"wpforms-5642-field_0\" class=\"wpforms-field-sublabel after\">Nombre<\/label><\/div><div class=\"wpforms-field-row-block wpforms-one-half\"><input type=\"text\" id=\"wpforms-5642-field_0-last\" class=\"wpforms-field-name-last wpforms-field-required\" name=\"wpforms[fields][0][last]\" aria-errormessage=\"wpforms-5642-field_0-last-error\" required><label for=\"wpforms-5642-field_0-last\" class=\"wpforms-field-sublabel after\">Apellidos<\/label><\/div><\/div><\/fieldset><\/div><div id=\"wpforms-5642-field_1-container\" class=\"wpforms-field wpforms-field-email\" data-field-id=\"1\"><label class=\"wpforms-field-label\" for=\"wpforms-5642-field_1\">Correo electr\u00f3nico <span class=\"wpforms-required-label\" aria-hidden=\"true\">*<\/span><\/label><input type=\"email\" id=\"wpforms-5642-field_1\" class=\"wpforms-field-medium wpforms-field-required\" name=\"wpforms[fields][1]\" spellcheck=\"false\" aria-errormessage=\"wpforms-5642-field_1-error\" required><\/div><div id=\"wpforms-5642-field_2-container\" class=\"wpforms-field wpforms-field-textarea\" data-field-id=\"2\"><label class=\"wpforms-field-label\" for=\"wpforms-5642-field_2\">Comentario o mensaje<\/label><textarea id=\"wpforms-5642-field_2\" class=\"wpforms-field-medium\" name=\"wpforms[fields][2]\" aria-errormessage=\"wpforms-5642-field_2-error\" ><\/textarea><\/div><div id=\"wpforms-5642-field_3-container\" class=\"wpforms-field wpforms-field-checkbox\" data-field-id=\"3\"><fieldset><legend class=\"wpforms-field-label\">Privacidad <span class=\"wpforms-required-label\" aria-hidden=\"true\">*<\/span><\/legend><ul id=\"wpforms-5642-field_3\" class=\"wpforms-field-required\"><li class=\"choice-1 depth-1\"><input type=\"checkbox\" id=\"wpforms-5642-field_3_1\" name=\"wpforms[fields][3][]\" value=\"Acepto a pol\u00edtica de privacidade da web\" aria-errormessage=\"wpforms-5642-field_3_1-error\" required><label class=\"wpforms-field-label-inline\" for=\"wpforms-5642-field_3_1\">Acepto la pol\u00edtica de privacidad del sitio web<\/label><\/li><\/ul><\/fieldset><\/div><\/div><!-- .wpforms-field-container --><div class=\"wpforms-recaptcha-container wpforms-is-recaptcha wpforms-is-recaptcha-type-v2\" ><div class=\"g-recaptcha\" data-sitekey=\"6LcqJOgqAAAAANLx1Ad3Ow3MOFdTMwXWMI796k4I\"><\/div><input type=\"text\" name=\"g-recaptcha-hidden\" class=\"wpforms-recaptcha-hidden\" style=\"position:absolute!important;clip:rect(0,0,0,0)!important;height:1px!important;width:1px!important;border:0!important;overflow:hidden!important;padding:0!important;margin:0!important;\" data-rule-recaptcha=\"1\"><\/div><div class=\"wpforms-submit-container\" ><input type=\"hidden\" name=\"wpforms[id]\" value=\"5642\"><input type=\"hidden\" name=\"wpforms[author]\" value=\"1\"><button type=\"submit\" name=\"wpforms[submit]\" id=\"wpforms-submit-5642\" class=\"wpforms-submit\" data-alt-text=\"Enviando...\" data-submit-text=\"Enviar\" aria-live=\"assertive\" value=\"wpforms-submit\">Enviar<\/button><img loading=\"lazy\" decoding=\"async\" src=\"https:\/\/aldeasvivas.gal\/wp-content\/plugins\/wpforms\/assets\/images\/submit-spin.svg\" class=\"wpforms-submit-spinner\" style=\"display: none;\" width=\"26\" height=\"26\" alt=\"Cargando\"><\/div><input type=\"hidden\" name=\"trp-form-language\" value=\"es\"\/><\/form><\/div>  <!-- .wpforms-container --><\/div>\n<\/div>\n<\/div>\n\n\n\n<div class=\"wp-block-column is-vertically-aligned-top is-layout-flow wp-block-column-is-layout-flow\" style=\"flex-basis:33.333333333333%\">\n<div class=\"wp-block-group has-border-color has-foreground-border-color has-white-background-color has-background is-layout-constrained wp-container-core-group-is-layout-25a9ee11 wp-block-group-is-layout-constrained\" style=\"border-style:solid;border-width:2px;border-radius:8px;padding-top:32px;padding-right:32px;padding-bottom:32px;padding-left:32px\">\n<h3 class=\"wp-block-heading has-large-font-size\" style=\"margin-top:0px;margin-bottom:15px;font-style:normal;font-weight:600\">GDR3 Montes e Vales Orientais<\/h3>\n\n\n\n<p><strong>Ayuntamiento de Baleira<\/strong><br>Calle Dr. Escobar s\/n, planta baja.<br>27130 Baleira - Lugo<br><br><a href=\"https:\/\/www.montesevalesorientais.gal\/\" target=\"_blank\" rel=\"noreferrer noopener\">montesevalesorientais.gal<br><\/a><a href=\"tel:982 355 290\" target=\"_blank\" rel=\"noreferrer noopener\">982 355 290<\/a><br><a href=\"mailto:informacion@montesevalesorientais.gal\" target=\"_blank\" rel=\"noreferrer noopener\">informacion@montesevalesorientais.gal<\/a><\/p>\n<\/div>\n\n\n\n<div class=\"wp-block-group has-border-color has-foreground-border-color has-white-background-color has-background is-layout-constrained wp-container-core-group-is-layout-25a9ee11 wp-block-group-is-layout-constrained\" style=\"border-style:solid;border-width:2px;border-radius:8px;padding-top:32px;padding-right:32px;padding-bottom:32px;padding-left:32px\">\n<h3 class=\"wp-block-heading has-large-font-size\" style=\"margin-top:0px;margin-bottom:15px;font-style:normal;font-weight:600\">Federaci\u00f3n Galega de Municipios e Provincias<\/h3>\n\n\n\n<p>Calle Varsovia 4C, piso 6 \u2013 \u00c1rea Central<br>15707 Santiago de Compostela<br><br><a href=\"https:\/\/fegamp.gal\" target=\"_blank\" rel=\"noreferrer noopener\">fegamp.gal<\/a><br><a href=\"tel:981 555 999\" target=\"_blank\" rel=\"noreferrer noopener\">981 555 999<\/a><br><a href=\"mailto:correo@fegamp.gal\" target=\"_blank\" rel=\"noreferrer noopener\">correo@fegamp.gal<\/a><\/p>\n<\/div>\n\n\n\n<div class=\"wp-block-group has-border-color has-foreground-border-color has-white-background-color has-background is-layout-constrained wp-container-core-group-is-layout-25a9ee11 wp-block-group-is-layout-constrained\" style=\"border-style:solid;border-width:2px;border-radius:8px;padding-top:32px;padding-right:32px;padding-bottom:32px;padding-left:32px\">\n<h3 class=\"wp-block-heading has-large-font-size\" style=\"margin-top:0px;margin-bottom:22px;font-style:normal;font-weight:600\">S\u00edguenos<\/h3>\n\n\n\n<ul class=\"wp-block-social-links has-icon-color is-style-logos-only is-content-justification-left is-layout-flex wp-container-core-social-links-is-layout-24b59c38 wp-block-social-links-is-layout-flex\" style=\"margin-top:16px;margin-bottom:0px\"><li style=\"color:#000000;\" class=\"wp-social-link wp-social-link-facebook has-foreground-color wp-block-social-link\"><a href=\"https:\/\/www.facebook.com\/GDR3montesevalesorientais\" class=\"wp-block-social-link-anchor\"><svg width=\"24\" height=\"24\" viewbox=\"0 0 24 24\" version=\"1.1\" xmlns=\"http:\/\/www.w3.org\/2000\/svg\" aria-hidden=\"true\" focusable=\"false\"><path d=\"M12 2C6.5 2 2 6.5 2 12c0 5 3.7 9.1 8.4 9.9v-7H7.9V12h2.5V9.8c0-2.5 1.5-3.9 3.8-3.9 1.1 0 2.2.2 2.2.2v2.5h-1.3c-1.2 0-1.6.8-1.6 1.6V12h2.8l-.4 2.9h-2.3v7C18.3 21.1 22 17 22 12c0-5.5-4.5-10-10-10z\"><\/path><\/svg><span class=\"wp-block-social-link-label screen-reader-text\">Facebook<\/span><\/a><\/li>\n\n<li style=\"color:#000000;\" class=\"wp-social-link wp-social-link-instagram has-foreground-color wp-block-social-link\"><a href=\"https:\/\/www.instagram.com\/montes.vales.orientais\/\" class=\"wp-block-social-link-anchor\"><svg width=\"24\" height=\"24\" viewbox=\"0 0 24 24\" version=\"1.1\" xmlns=\"http:\/\/www.w3.org\/2000\/svg\" aria-hidden=\"true\" focusable=\"false\"><path d=\"M12,4.622c2.403,0,2.688,0.009,3.637,0.052c0.877,0.04,1.354,0.187,1.671,0.31c0.42,0.163,0.72,0.358,1.035,0.673 c0.315,0.315,0.51,0.615,0.673,1.035c0.123,0.317,0.27,0.794,0.31,1.671c0.043,0.949,0.052,1.234,0.052,3.637 s-0.009,2.688-0.052,3.637c-0.04,0.877-0.187,1.354-0.31,1.671c-0.163,0.42-0.358,0.72-0.673,1.035 c-0.315,0.315-0.615,0.51-1.035,0.673c-0.317,0.123-0.794,0.27-1.671,0.31c-0.949,0.043-1.233,0.052-3.637,0.052 s-2.688-0.009-3.637-0.052c-0.877-0.04-1.354-0.187-1.671-0.31c-0.42-0.163-0.72-0.358-1.035-0.673 c-0.315-0.315-0.51-0.615-0.673-1.035c-0.123-0.317-0.27-0.794-0.31-1.671C4.631,14.688,4.622,14.403,4.622,12 s0.009-2.688,0.052-3.637c0.04-0.877,0.187-1.354,0.31-1.671c0.163-0.42,0.358-0.72,0.673-1.035 c0.315-0.315,0.615-0.51,1.035-0.673c0.317-0.123,0.794-0.27,1.671-0.31C9.312,4.631,9.597,4.622,12,4.622 M12,3 C9.556,3,9.249,3.01,8.289,3.054C7.331,3.098,6.677,3.25,6.105,3.472C5.513,3.702,5.011,4.01,4.511,4.511 c-0.5,0.5-0.808,1.002-1.038,1.594C3.25,6.677,3.098,7.331,3.054,8.289C3.01,9.249,3,9.556,3,12c0,2.444,0.01,2.751,0.054,3.711 c0.044,0.958,0.196,1.612,0.418,2.185c0.23,0.592,0.538,1.094,1.038,1.594c0.5,0.5,1.002,0.808,1.594,1.038 c0.572,0.222,1.227,0.375,2.185,0.418C9.249,20.99,9.556,21,12,21s2.751-0.01,3.711-0.054c0.958-0.044,1.612-0.196,2.185-0.418 c0.592-0.23,1.094-0.538,1.594-1.038c0.5-0.5,0.808-1.002,1.038-1.594c0.222-0.572,0.375-1.227,0.418-2.185 C20.99,14.751,21,14.444,21,12s-0.01-2.751-0.054-3.711c-0.044-0.958-0.196-1.612-0.418-2.185c-0.23-0.592-0.538-1.094-1.038-1.594 c-0.5-0.5-1.002-0.808-1.594-1.038c-0.572-0.222-1.227-0.375-2.185-0.418C14.751,3.01,14.444,3,12,3L12,3z M12,7.378 c-2.552,0-4.622,2.069-4.622,4.622S9.448,16.622,12,16.622s4.622-2.069,4.622-4.622S14.552,7.378,12,7.378z M12,15 c-1.657,0-3-1.343-3-3s1.343-3,3-3s3,1.343,3,3S13.657,15,12,15z M16.804,6.116c-0.596,0-1.08,0.484-1.08,1.08 s0.484,1.08,1.08,1.08c0.596,0,1.08-0.484,1.08-1.08S17.401,6.116,16.804,6.116z\"><\/path><\/svg><span class=\"wp-block-social-link-label screen-reader-text\">Instagram<\/span><\/a><\/li>\n\n<li style=\"color:#000000;\" class=\"wp-social-link wp-social-link-youtube has-foreground-color wp-block-social-link\"><a href=\"https:\/\/www.youtube.com\/@GDR3-MonteseValesOrientais\" class=\"wp-block-social-link-anchor\"><svg width=\"24\" height=\"24\" viewbox=\"0 0 24 24\" version=\"1.1\" xmlns=\"http:\/\/www.w3.org\/2000\/svg\" aria-hidden=\"true\" focusable=\"false\"><path d=\"M21.8,8.001c0,0-0.195-1.378-0.795-1.985c-0.76-0.797-1.613-0.801-2.004-0.847c-2.799-0.202-6.997-0.202-6.997-0.202 h-0.009c0,0-4.198,0-6.997,0.202C4.608,5.216,3.756,5.22,2.995,6.016C2.395,6.623,2.2,8.001,2.2,8.001S2,9.62,2,11.238v1.517 c0,1.618,0.2,3.237,0.2,3.237s0.195,1.378,0.795,1.985c0.761,0.797,1.76,0.771,2.205,0.855c1.6,0.153,6.8,0.201,6.8,0.201 s4.203-0.006,7.001-0.209c0.391-0.047,1.243-0.051,2.004-0.847c0.6-0.607,0.795-1.985,0.795-1.985s0.2-1.618,0.2-3.237v-1.517 C22,9.62,21.8,8.001,21.8,8.001z M9.935,14.594l-0.001-5.62l5.404,2.82L9.935,14.594z\"><\/path><\/svg><span class=\"wp-block-social-link-label screen-reader-text\">YouTube<\/span><\/a><\/li><\/ul>\n<\/div>\n<\/div>\n<\/div>","protected":false},"excerpt":{"rendered":"<p>Pueblos Vivos \u2013 GDR3 Monta\u00f1as y Valles Orientales \u2013 Federaci\u00f3n Gallega de Municipios y Provincias \u00a1Escr\u00edbenos! Estaremos encantados de leer sus dudas o comentarios GDR3 Ayuntamiento de Montes e Vales Orientales BaleiraR\u00faa Dr. Escobar s\/n, planta baja 27130 Baleira \u2013 Lugo montesevalesorientais.gal982 355 290informacion@montesevalesorientais.gal Federaci\u00f3n Gallega de Municipios y Provincias R\u00faa Varsovia 4C, [\u2026]<\/p>","protected":false},"author":1,"featured_media":0,"parent":0,"menu_order":0,"comment_status":"closed","ping_status":"closed","template":"template-no-title","meta":{"_acf_changed":false,"footnotes":""},"class_list":["post-45","page","type-page","status-publish","hentry"],"acf":[],"yoast_head":"<!-- This site is optimized with the Yoast SEO plugin v23.8 - https:\/\/yoast.com\/wordpress\/plugins\/seo\/ -->\n<title>Contacto - Aldeas Vivas - Montes e Vales Orientais<\/title>\n<meta name=\"robots\" content=\"index, follow, max-snippet:-1, max-image-preview:large, max-video-preview:-1\" \/>\n<link rel=\"canonical\" href=\"https:\/\/aldeasvivas.gal\/es\/contacto\/\" \/>\n<meta property=\"og:locale\" content=\"es_ES\" \/>\n<meta property=\"og:type\" content=\"article\" \/>\n<meta property=\"og:title\" content=\"Contacto - Aldeas Vivas - Montes e Vales Orientais\" \/>\n<meta property=\"og:description\" content=\"Aldeas Vivas &#8211; GDR3 Montes e Vales Orientais &#8211; Federaci\u00f3n Galega de Municipios e Provincias Escr\u00edbenos! Estamos encantados de ler as t\u00faas d\u00fabidas ou comentarios GDR3 Montes e Vales Orientais Casa do Concello de BaleiraR\u00faa Dr. Escobar s\/n, planta baixa.27130 Baleira \u2013 Lugo montesevalesorientais.gal982 355 290informacion@montesevalesorientais.gal Federaci\u00f3n Galega de Municipios e Provincias R\u00faa Varsovia 4C, [&hellip;]\" \/>\n<meta property=\"og:url\" content=\"https:\/\/aldeasvivas.gal\/es\/contacto\/\" \/>\n<meta property=\"og:site_name\" content=\"Aldeas Vivas - Montes e Vales Orientais\" \/>\n<meta property=\"article:modified_time\" content=\"2024-06-25T12:12:25+00:00\" \/>\n<meta name=\"twitter:card\" content=\"summary_large_image\" \/>\n<meta name=\"twitter:label1\" content=\"Tiempo de lectura\" \/>\n\t<meta name=\"twitter:data1\" content=\"1 minuto\" \/>\n<script type=\"application\/ld+json\" class=\"yoast-schema-graph\">{\"@context\":\"https:\/\/schema.org\",\"@graph\":[{\"@type\":\"WebPage\",\"@id\":\"https:\/\/aldeasvivas.gal\/contacto\/\",\"url\":\"https:\/\/aldeasvivas.gal\/contacto\/\",\"name\":\"Contacto - Aldeas Vivas - Montes e Vales Orientais\",\"isPartOf\":{\"@id\":\"https:\/\/aldeasvivas.gal\/#website\"},\"datePublished\":\"2022-05-04T10:43:08+00:00\",\"dateModified\":\"2024-06-25T12:12:25+00:00\",\"breadcrumb\":{\"@id\":\"https:\/\/aldeasvivas.gal\/contacto\/#breadcrumb\"},\"inLanguage\":\"es\",\"potentialAction\":[{\"@type\":\"ReadAction\",\"target\":[\"https:\/\/aldeasvivas.gal\/contacto\/\"]}]},{\"@type\":\"BreadcrumbList\",\"@id\":\"https:\/\/aldeasvivas.gal\/contacto\/#breadcrumb\",\"itemListElement\":[{\"@type\":\"ListItem\",\"position\":1,\"name\":\"Inicio\",\"item\":\"https:\/\/aldeasvivas.gal\/\"},{\"@type\":\"ListItem\",\"position\":2,\"name\":\"Contacto\"}]},{\"@type\":\"WebSite\",\"@id\":\"https:\/\/aldeasvivas.gal\/#website\",\"url\":\"https:\/\/aldeasvivas.gal\/\",\"name\":\"Aldeas Vivas - Montes e Vales Orientais\",\"description\":\"\",\"publisher\":{\"@id\":\"https:\/\/aldeasvivas.gal\/#organization\"},\"potentialAction\":[{\"@type\":\"SearchAction\",\"target\":{\"@type\":\"EntryPoint\",\"urlTemplate\":\"https:\/\/aldeasvivas.gal\/?s={search_term_string}\"},\"query-input\":{\"@type\":\"PropertyValueSpecification\",\"valueRequired\":true,\"valueName\":\"search_term_string\"}}],\"inLanguage\":\"es\"},{\"@type\":\"Organization\",\"@id\":\"https:\/\/aldeasvivas.gal\/#organization\",\"name\":\"Aldeas Vivas - Montes e Vales Orientais\",\"url\":\"https:\/\/aldeasvivas.gal\/\",\"logo\":{\"@type\":\"ImageObject\",\"inLanguage\":\"es\",\"@id\":\"https:\/\/aldeasvivas.gal\/#\/schema\/logo\/image\/\",\"url\":\"https:\/\/aldeasvivas.gal\/wp-content\/uploads\/2024\/04\/Aldeas-Vivas-Logotipo-300ppp_Aldeas-Vivas-horizontal-color.png\",\"contentUrl\":\"https:\/\/aldeasvivas.gal\/wp-content\/uploads\/2024\/04\/Aldeas-Vivas-Logotipo-300ppp_Aldeas-Vivas-horizontal-color.png\",\"width\":1968,\"height\":776,\"caption\":\"Aldeas Vivas - Montes e Vales Orientais\"},\"image\":{\"@id\":\"https:\/\/aldeasvivas.gal\/#\/schema\/logo\/image\/\"}}]}<\/script>\n<!-- \/ Yoast SEO plugin. -->","yoast_head_json":{"title":"Contacto - Aldeas Vivas - Montes e Vales Orientais","robots":{"index":"index","follow":"follow","max-snippet":"max-snippet:-1","max-image-preview":"max-image-preview:large","max-video-preview":"max-video-preview:-1"},"canonical":"https:\/\/aldeasvivas.gal\/es\/contacto\/","og_locale":"es_ES","og_type":"article","og_title":"Contacto - Aldeas Vivas - Montes e Vales Orientais","og_description":"Aldeas Vivas &#8211; GDR3 Montes e Vales Orientais &#8211; Federaci\u00f3n Galega de Municipios e Provincias Escr\u00edbenos! Estamos encantados de ler as t\u00faas d\u00fabidas ou comentarios GDR3 Montes e Vales Orientais Casa do Concello de BaleiraR\u00faa Dr. Escobar s\/n, planta baixa.27130 Baleira \u2013 Lugo montesevalesorientais.gal982 355 290informacion@montesevalesorientais.gal Federaci\u00f3n Galega de Municipios e Provincias R\u00faa Varsovia 4C, [&hellip;]","og_url":"https:\/\/aldeasvivas.gal\/es\/contacto\/","og_site_name":"Aldeas Vivas - Montes e Vales Orientais","article_modified_time":"2024-06-25T12:12:25+00:00","twitter_card":"summary_large_image","twitter_misc":{"Tiempo de lectura":"1 minuto"},"schema":{"@context":"https:\/\/schema.org","@graph":[{"@type":"WebPage","@id":"https:\/\/aldeasvivas.gal\/contacto\/","url":"https:\/\/aldeasvivas.gal\/contacto\/","name":"Contacto - Aldeas Vivas - Montes e Vales Orientais","isPartOf":{"@id":"https:\/\/aldeasvivas.gal\/#website"},"datePublished":"2022-05-04T10:43:08+00:00","dateModified":"2024-06-25T12:12:25+00:00","breadcrumb":{"@id":"https:\/\/aldeasvivas.gal\/contacto\/#breadcrumb"},"inLanguage":"es","potentialAction":[{"@type":"ReadAction","target":["https:\/\/aldeasvivas.gal\/contacto\/"]}]},{"@type":"BreadcrumbList","@id":"https:\/\/aldeasvivas.gal\/contacto\/#breadcrumb","itemListElement":[{"@type":"ListItem","position":1,"name":"Inicio","item":"https:\/\/aldeasvivas.gal\/"},{"@type":"ListItem","position":2,"name":"Contacto"}]},{"@type":"WebSite","@id":"https:\/\/aldeasvivas.gal\/#website","url":"https:\/\/aldeasvivas.gal\/","name":"Aldeas Vivas - Montes e Vales Orientais","description":"","publisher":{"@id":"https:\/\/aldeasvivas.gal\/#organization"},"potentialAction":[{"@type":"SearchAction","target":{"@type":"EntryPoint","urlTemplate":"https:\/\/aldeasvivas.gal\/?s={search_term_string}"},"query-input":{"@type":"PropertyValueSpecification","valueRequired":true,"valueName":"search_term_string"}}],"inLanguage":"es"},{"@type":"Organization","@id":"https:\/\/aldeasvivas.gal\/#organization","name":"Aldeas Vivas - Montes e Vales Orientais","url":"https:\/\/aldeasvivas.gal\/","logo":{"@type":"ImageObject","inLanguage":"es","@id":"https:\/\/aldeasvivas.gal\/#\/schema\/logo\/image\/","url":"https:\/\/aldeasvivas.gal\/wp-content\/uploads\/2024\/04\/Aldeas-Vivas-Logotipo-300ppp_Aldeas-Vivas-horizontal-color.png","contentUrl":"https:\/\/aldeasvivas.gal\/wp-content\/uploads\/2024\/04\/Aldeas-Vivas-Logotipo-300ppp_Aldeas-Vivas-horizontal-color.png","width":1968,"height":776,"caption":"Aldeas Vivas - Montes e Vales Orientais"},"image":{"@id":"https:\/\/aldeasvivas.gal\/#\/schema\/logo\/image\/"}}]}},"_links":{"self":[{"href":"https:\/\/aldeasvivas.gal\/es\/wp-json\/wp\/v2\/pages\/45","targetHints":{"allow":["GET"]}}],"collection":[{"href":"https:\/\/aldeasvivas.gal\/es\/wp-json\/wp\/v2\/pages"}],"about":[{"href":"https:\/\/aldeasvivas.gal\/es\/wp-json\/wp\/v2\/types\/page"}],"author":[{"embeddable":true,"href":"https:\/\/aldeasvivas.gal\/es\/wp-json\/wp\/v2\/users\/1"}],"replies":[{"embeddable":true,"href":"https:\/\/aldeasvivas.gal\/es\/wp-json\/wp\/v2\/comments?post=45"}],"version-history":[{"count":4,"href":"https:\/\/aldeasvivas.gal\/es\/wp-json\/wp\/v2\/pages\/45\/revisions"}],"predecessor-version":[{"id":6985,"href":"https:\/\/aldeasvivas.gal\/es\/wp-json\/wp\/v2\/pages\/45\/revisions\/6985"}],"wp:attachment":[{"href":"https:\/\/aldeasvivas.gal\/es\/wp-json\/wp\/v2\/media?parent=45"}],"curies":[{"name":"wp","href":"https:\/\/api.w.org\/{rel}","templated":true}]}}