{"id":47,"date":"2022-05-04T10:43:21","date_gmt":"2022-05-04T10:43:21","guid":{"rendered":"https:\/\/energeticthemes.com\/realome\/?page_id=47"},"modified":"2024-04-22T16:28:30","modified_gmt":"2024-04-22T14:28:30","slug":"entidades-colaboradoras","status":"publish","type":"page","link":"https:\/\/aldeasvivas.gal\/es\/entidades-colaboradoras\/","title":{"rendered":"Entidades colaboradoras"},"content":{"rendered":"<div class=\"wp-block-columns alignwide is-layout-flex wp-container-core-columns-is-layout-ba030725 wp-block-columns-is-layout-flex\" style=\"padding-top:64px;padding-bottom:0px\">\n<div class=\"wp-block-column is-layout-flow wp-block-column-is-layout-flow\">\n<h6 class=\"wp-block-heading has-tertiary-color has-text-color has-small-font-size\" style=\"margin-bottom:2px\"><\/h6>\n\n\n\n<h2 class=\"wp-block-heading has-xxxx-large-font-size\" style=\"margin-top:0px;margin-bottom:16px\">\u00bfQui\u00e9nes somos?<\/h2>\n\n\n\n<p class=\"mt-0\">La Federaci\u00f3n Galega de Municipios y Provincias y el GDR Montes e Vales Orientais colaboramos para construir y desarrollar el proyecto Montes e Vales Orientais Territorio Intelixente en el Geodestino Ancares - Terras de Bur\u00f3n. La experiencia previa del GRD Montes e Vales Orientalis en numerosos y diversos proyectos de dinamizaci\u00f3n de este territorio es clave para dar un enfoque innovador, transversal, integral y \u00fatil a esta acci\u00f3n de revitalizaci\u00f3n econ\u00f3mica y demogr\u00e1fica del Geodestino Ancares - Terras de Bur\u00f3n.<\/p>\n<\/div>\n<\/div>\n\n\n\n<div class=\"wp-block-columns alignwide is-layout-flex wp-container-core-columns-is-layout-48ac318c wp-block-columns-is-layout-flex\" style=\"margin-top:64px\">\n<div class=\"wp-block-column is-layout-flow wp-block-column-is-layout-flow\">\n<div class=\"wp-block-group has-border-color has-foreground-border-color has-white-background-color has-background is-layout-constrained wp-container-core-group-is-layout-59905e67 wp-block-group-is-layout-constrained\" style=\"border-style:solid;border-width:2px;border-radius:8px;margin-bottom:32px;padding-top:48px;padding-right:32px;padding-bottom:48px;padding-left:32px\">\n<figure class=\"wp-block-image aligncenter size-full is-resized\"><a href=\"https:\/\/www.montesevalesorientais.gal\/\" target=\"_blank\" rel=\"noreferrer noopener\"><img loading=\"lazy\" decoding=\"async\" width=\"1200\" height=\"800\" src=\"http:\/\/aldeasvivas.gal\/wp-content\/uploads\/2024\/02\/logo_gdr3_positivo_color.png\" alt=\"\" class=\"wp-image-5602\" style=\"width:auto;height:70px\" srcset=\"https:\/\/aldeasvivas.gal\/wp-content\/uploads\/2024\/02\/logo_gdr3_positivo_color.png 1200w, https:\/\/aldeasvivas.gal\/wp-content\/uploads\/2024\/02\/logo_gdr3_positivo_color-300x200.png 300w, https:\/\/aldeasvivas.gal\/wp-content\/uploads\/2024\/02\/logo_gdr3_positivo_color-1024x683.png 1024w, https:\/\/aldeasvivas.gal\/wp-content\/uploads\/2024\/02\/logo_gdr3_positivo_color-768x512.png 768w, https:\/\/aldeasvivas.gal\/wp-content\/uploads\/2024\/02\/logo_gdr3_positivo_color-600x400.png 600w\" sizes=\"auto, (max-width: 1200px) 100vw, 1200px\" \/><\/a><\/figure>\n\n\n\n<h5 class=\"wp-block-heading\" style=\"margin-top:19px;margin-bottom:10px\">Montes e Vales Orientais<\/h5>\n\n\n\n<p class=\"mt-0 has-small-font-size\">La Asociaci\u00f3n Montes e Vales Orientais es una organizaci\u00f3n sin \u00e1nimo de lucro que promueve el&nbsp;<strong>desarrollo Rural<\/strong>&nbsp;en 13 municipios de la monta\u00f1a lucense.<\/p>\n\n\n\n<div class=\"wp-block-buttons is-layout-flex wp-block-buttons-is-layout-flex\" style=\"margin-top:42px\">\n<div class=\"wp-block-button\"><a class=\"wp-block-button__link wp-element-button\" href=\"https:\/\/aldeasvivas.gal\/es\/montes-e-vales-orientais\/\" target=\"_blank\" rel=\"noreferrer noopener\">Leer m\u00e1s<\/a><\/div>\n<\/div>\n<\/div>\n<\/div>\n\n\n\n<div class=\"wp-block-column is-layout-flow wp-block-column-is-layout-flow\">\n<div class=\"wp-block-group has-border-color has-foreground-border-color has-white-background-color has-background is-layout-constrained wp-container-core-group-is-layout-59905e67 wp-block-group-is-layout-constrained\" style=\"border-style:solid;border-width:2px;border-radius:8px;margin-bottom:32px;padding-top:48px;padding-right:32px;padding-bottom:48px;padding-left:32px\">\n<figure class=\"wp-block-image aligncenter size-full is-resized\"><img loading=\"lazy\" decoding=\"async\" width=\"1416\" height=\"504\" src=\"http:\/\/aldeasvivas.gal\/wp-content\/uploads\/2024\/04\/FEGAMP_Marca-grafica-con-nombre.png\" alt=\"\" class=\"wp-image-6250\" style=\"width:auto;height:70px\" srcset=\"https:\/\/aldeasvivas.gal\/wp-content\/uploads\/2024\/04\/FEGAMP_Marca-grafica-con-nombre.png 1416w, https:\/\/aldeasvivas.gal\/wp-content\/uploads\/2024\/04\/FEGAMP_Marca-grafica-con-nombre-300x107.png 300w, https:\/\/aldeasvivas.gal\/wp-content\/uploads\/2024\/04\/FEGAMP_Marca-grafica-con-nombre-1024x364.png 1024w, https:\/\/aldeasvivas.gal\/wp-content\/uploads\/2024\/04\/FEGAMP_Marca-grafica-con-nombre-768x273.png 768w, https:\/\/aldeasvivas.gal\/wp-content\/uploads\/2024\/04\/FEGAMP_Marca-grafica-con-nombre-600x214.png 600w\" sizes=\"auto, (max-width: 1416px) 100vw, 1416px\" \/><\/figure>\n\n\n\n<h5 class=\"wp-block-heading\" style=\"margin-top:19px;margin-bottom:10px\">Fegamp<\/h5>\n\n\n\n<p class=\"mt-0 has-small-font-size\">A <strong>Federaci\u00f3n Galega de Municipios e Provincias<\/strong> es una entidad asociativa formada por los 313 ayuntamientos gallegos, las 4 diputaciones provinciales y las 9 entidades locales menores existentes en el \u00e1mbito territorial de Galicia.<\/p>\n\n\n\n<div class=\"wp-block-buttons is-layout-flex wp-block-buttons-is-layout-flex\" style=\"margin-top:42px\">\n<div class=\"wp-block-button\"><a class=\"wp-block-button__link wp-element-button\" href=\"https:\/\/aldeasvivas.gal\/es\/federacion-galega-de-municipios-e-provincias\/\" target=\"_blank\" rel=\"noreferrer noopener\">Leer m\u00e1s<\/a><\/div>\n<\/div>\n<\/div>\n<\/div>\n<\/div>\n\n\n\n<div style=\"height:64px\" aria-hidden=\"true\" class=\"wp-block-spacer\"><\/div>","protected":false},"excerpt":{"rendered":"<p>\u00bfQui\u00e9nes somos? La Federaci\u00f3n Gallega de Municipios y Provincias y el Territorio Inteligente Montes e Vales Orientales de la RDA colaboran para construir y desarrollar el proyecto Territorio Inteligente Montes e Vales Orientales en el Geodestino Ancares - Terras de Bur\u00f3n. La experiencia previa del GRD Montes e Vales Orientalis en numerosos y diversos proyectos de revitalizaci\u00f3n de este territorio [...]<\/p>","protected":false},"author":1,"featured_media":0,"parent":0,"menu_order":0,"comment_status":"closed","ping_status":"closed","template":"template-no-title","meta":{"_acf_changed":false,"footnotes":""},"class_list":["post-47","page","type-page","status-publish","hentry"],"acf":[],"yoast_head":"<!-- This site is optimized with the Yoast SEO plugin v23.8 - https:\/\/yoast.com\/wordpress\/plugins\/seo\/ -->\n<title>Entidades colaboradoras - Aldeas Vivas - Montes e Vales Orientais<\/title>\n<meta name=\"robots\" content=\"index, follow, max-snippet:-1, max-image-preview:large, max-video-preview:-1\" \/>\n<link rel=\"canonical\" href=\"https:\/\/aldeasvivas.gal\/es\/entidades-colaboradoras\/\" \/>\n<meta property=\"og:locale\" content=\"es_ES\" \/>\n<meta property=\"og:type\" content=\"article\" \/>\n<meta property=\"og:title\" content=\"Entidades colaboradoras - Aldeas Vivas - Montes e Vales Orientais\" \/>\n<meta property=\"og:description\" content=\"Quen somos? A Federaci\u00f3n Galega de Municipios e Provincias e o GDR Montes e Vales Orientais Territorio Intelixente colaboramos para construir e desenvolver o proxecto Montes e Vales Orientais Territorio Intelixente no Xeodestino Ancares -Terras de Bur\u00f3n. A experiencia previa do GRD Montes e Vales Orientais en moitos e diversos proxectos de dinamizaci\u00f3n deste territorio [&hellip;]\" \/>\n<meta property=\"og:url\" content=\"https:\/\/aldeasvivas.gal\/es\/entidades-colaboradoras\/\" \/>\n<meta property=\"og:site_name\" content=\"Aldeas Vivas - Montes e Vales Orientais\" \/>\n<meta property=\"article:modified_time\" content=\"2024-04-22T14:28:30+00:00\" \/>\n<meta property=\"og:image\" content=\"http:\/\/aldeasvivas.gal\/wp-content\/uploads\/2024\/02\/logo_gdr3_positivo_color.png\" \/>\n<meta name=\"twitter:card\" content=\"summary_large_image\" \/>\n<meta name=\"twitter:label1\" content=\"Tiempo de lectura\" \/>\n\t<meta name=\"twitter:data1\" content=\"1 minuto\" \/>\n<script type=\"application\/ld+json\" class=\"yoast-schema-graph\">{\"@context\":\"https:\/\/schema.org\",\"@graph\":[{\"@type\":\"WebPage\",\"@id\":\"https:\/\/aldeasvivas.gal\/entidades-colaboradoras\/\",\"url\":\"https:\/\/aldeasvivas.gal\/entidades-colaboradoras\/\",\"name\":\"Entidades colaboradoras - Aldeas Vivas - Montes e Vales Orientais\",\"isPartOf\":{\"@id\":\"https:\/\/aldeasvivas.gal\/#website\"},\"primaryImageOfPage\":{\"@id\":\"https:\/\/aldeasvivas.gal\/entidades-colaboradoras\/#primaryimage\"},\"image\":{\"@id\":\"https:\/\/aldeasvivas.gal\/entidades-colaboradoras\/#primaryimage\"},\"thumbnailUrl\":\"http:\/\/aldeasvivas.gal\/wp-content\/uploads\/2024\/02\/logo_gdr3_positivo_color.png\",\"datePublished\":\"2022-05-04T10:43:21+00:00\",\"dateModified\":\"2024-04-22T14:28:30+00:00\",\"breadcrumb\":{\"@id\":\"https:\/\/aldeasvivas.gal\/entidades-colaboradoras\/#breadcrumb\"},\"inLanguage\":\"es\",\"potentialAction\":[{\"@type\":\"ReadAction\",\"target\":[\"https:\/\/aldeasvivas.gal\/entidades-colaboradoras\/\"]}]},{\"@type\":\"ImageObject\",\"inLanguage\":\"es\",\"@id\":\"https:\/\/aldeasvivas.gal\/entidades-colaboradoras\/#primaryimage\",\"url\":\"http:\/\/aldeasvivas.gal\/wp-content\/uploads\/2024\/02\/logo_gdr3_positivo_color.png\",\"contentUrl\":\"http:\/\/aldeasvivas.gal\/wp-content\/uploads\/2024\/02\/logo_gdr3_positivo_color.png\"},{\"@type\":\"BreadcrumbList\",\"@id\":\"https:\/\/aldeasvivas.gal\/entidades-colaboradoras\/#breadcrumb\",\"itemListElement\":[{\"@type\":\"ListItem\",\"position\":1,\"name\":\"Inicio\",\"item\":\"https:\/\/aldeasvivas.gal\/\"},{\"@type\":\"ListItem\",\"position\":2,\"name\":\"Entidades colaboradoras\"}]},{\"@type\":\"WebSite\",\"@id\":\"https:\/\/aldeasvivas.gal\/#website\",\"url\":\"https:\/\/aldeasvivas.gal\/\",\"name\":\"Aldeas Vivas - Montes e Vales Orientais\",\"description\":\"\",\"publisher\":{\"@id\":\"https:\/\/aldeasvivas.gal\/#organization\"},\"potentialAction\":[{\"@type\":\"SearchAction\",\"target\":{\"@type\":\"EntryPoint\",\"urlTemplate\":\"https:\/\/aldeasvivas.gal\/?s={search_term_string}\"},\"query-input\":{\"@type\":\"PropertyValueSpecification\",\"valueRequired\":true,\"valueName\":\"search_term_string\"}}],\"inLanguage\":\"es\"},{\"@type\":\"Organization\",\"@id\":\"https:\/\/aldeasvivas.gal\/#organization\",\"name\":\"Aldeas Vivas - Montes e Vales Orientais\",\"url\":\"https:\/\/aldeasvivas.gal\/\",\"logo\":{\"@type\":\"ImageObject\",\"inLanguage\":\"es\",\"@id\":\"https:\/\/aldeasvivas.gal\/#\/schema\/logo\/image\/\",\"url\":\"https:\/\/aldeasvivas.gal\/wp-content\/uploads\/2024\/04\/Aldeas-Vivas-Logotipo-300ppp_Aldeas-Vivas-horizontal-color.png\",\"contentUrl\":\"https:\/\/aldeasvivas.gal\/wp-content\/uploads\/2024\/04\/Aldeas-Vivas-Logotipo-300ppp_Aldeas-Vivas-horizontal-color.png\",\"width\":1968,\"height\":776,\"caption\":\"Aldeas Vivas - Montes e Vales Orientais\"},\"image\":{\"@id\":\"https:\/\/aldeasvivas.gal\/#\/schema\/logo\/image\/\"}}]}<\/script>\n<!-- \/ Yoast SEO plugin. -->","yoast_head_json":{"title":"Entidades colaboradoras - Aldeas Vivas - Montes e Vales Orientais","robots":{"index":"index","follow":"follow","max-snippet":"max-snippet:-1","max-image-preview":"max-image-preview:large","max-video-preview":"max-video-preview:-1"},"canonical":"https:\/\/aldeasvivas.gal\/es\/entidades-colaboradoras\/","og_locale":"es_ES","og_type":"article","og_title":"Entidades colaboradoras - Aldeas Vivas - Montes e Vales Orientais","og_description":"Quen somos? A Federaci\u00f3n Galega de Municipios e Provincias e o GDR Montes e Vales Orientais Territorio Intelixente colaboramos para construir e desenvolver o proxecto Montes e Vales Orientais Territorio Intelixente no Xeodestino Ancares -Terras de Bur\u00f3n. A experiencia previa do GRD Montes e Vales Orientais en moitos e diversos proxectos de dinamizaci\u00f3n deste territorio [&hellip;]","og_url":"https:\/\/aldeasvivas.gal\/es\/entidades-colaboradoras\/","og_site_name":"Aldeas Vivas - Montes e Vales Orientais","article_modified_time":"2024-04-22T14:28:30+00:00","og_image":[{"url":"http:\/\/aldeasvivas.gal\/wp-content\/uploads\/2024\/02\/logo_gdr3_positivo_color.png"}],"twitter_card":"summary_large_image","twitter_misc":{"Tiempo de lectura":"1 minuto"},"schema":{"@context":"https:\/\/schema.org","@graph":[{"@type":"WebPage","@id":"https:\/\/aldeasvivas.gal\/entidades-colaboradoras\/","url":"https:\/\/aldeasvivas.gal\/entidades-colaboradoras\/","name":"Entidades colaboradoras - Aldeas Vivas - Montes e Vales Orientais","isPartOf":{"@id":"https:\/\/aldeasvivas.gal\/#website"},"primaryImageOfPage":{"@id":"https:\/\/aldeasvivas.gal\/entidades-colaboradoras\/#primaryimage"},"image":{"@id":"https:\/\/aldeasvivas.gal\/entidades-colaboradoras\/#primaryimage"},"thumbnailUrl":"http:\/\/aldeasvivas.gal\/wp-content\/uploads\/2024\/02\/logo_gdr3_positivo_color.png","datePublished":"2022-05-04T10:43:21+00:00","dateModified":"2024-04-22T14:28:30+00:00","breadcrumb":{"@id":"https:\/\/aldeasvivas.gal\/entidades-colaboradoras\/#breadcrumb"},"inLanguage":"es","potentialAction":[{"@type":"ReadAction","target":["https:\/\/aldeasvivas.gal\/entidades-colaboradoras\/"]}]},{"@type":"ImageObject","inLanguage":"es","@id":"https:\/\/aldeasvivas.gal\/entidades-colaboradoras\/#primaryimage","url":"http:\/\/aldeasvivas.gal\/wp-content\/uploads\/2024\/02\/logo_gdr3_positivo_color.png","contentUrl":"http:\/\/aldeasvivas.gal\/wp-content\/uploads\/2024\/02\/logo_gdr3_positivo_color.png"},{"@type":"BreadcrumbList","@id":"https:\/\/aldeasvivas.gal\/entidades-colaboradoras\/#breadcrumb","itemListElement":[{"@type":"ListItem","position":1,"name":"Inicio","item":"https:\/\/aldeasvivas.gal\/"},{"@type":"ListItem","position":2,"name":"Entidades colaboradoras"}]},{"@type":"WebSite","@id":"https:\/\/aldeasvivas.gal\/#website","url":"https:\/\/aldeasvivas.gal\/","name":"Aldeas Vivas - Montes e Vales Orientais","description":"","publisher":{"@id":"https:\/\/aldeasvivas.gal\/#organization"},"potentialAction":[{"@type":"SearchAction","target":{"@type":"EntryPoint","urlTemplate":"https:\/\/aldeasvivas.gal\/?s={search_term_string}"},"query-input":{"@type":"PropertyValueSpecification","valueRequired":true,"valueName":"search_term_string"}}],"inLanguage":"es"},{"@type":"Organization","@id":"https:\/\/aldeasvivas.gal\/#organization","name":"Aldeas Vivas - Montes e Vales Orientais","url":"https:\/\/aldeasvivas.gal\/","logo":{"@type":"ImageObject","inLanguage":"es","@id":"https:\/\/aldeasvivas.gal\/#\/schema\/logo\/image\/","url":"https:\/\/aldeasvivas.gal\/wp-content\/uploads\/2024\/04\/Aldeas-Vivas-Logotipo-300ppp_Aldeas-Vivas-horizontal-color.png","contentUrl":"https:\/\/aldeasvivas.gal\/wp-content\/uploads\/2024\/04\/Aldeas-Vivas-Logotipo-300ppp_Aldeas-Vivas-horizontal-color.png","width":1968,"height":776,"caption":"Aldeas Vivas - Montes e Vales Orientais"},"image":{"@id":"https:\/\/aldeasvivas.gal\/#\/schema\/logo\/image\/"}}]}},"_links":{"self":[{"href":"https:\/\/aldeasvivas.gal\/es\/wp-json\/wp\/v2\/pages\/47","targetHints":{"allow":["GET"]}}],"collection":[{"href":"https:\/\/aldeasvivas.gal\/es\/wp-json\/wp\/v2\/pages"}],"about":[{"href":"https:\/\/aldeasvivas.gal\/es\/wp-json\/wp\/v2\/types\/page"}],"author":[{"embeddable":true,"href":"https:\/\/aldeasvivas.gal\/es\/wp-json\/wp\/v2\/users\/1"}],"replies":[{"embeddable":true,"href":"https:\/\/aldeasvivas.gal\/es\/wp-json\/wp\/v2\/comments?post=47"}],"version-history":[{"count":11,"href":"https:\/\/aldeasvivas.gal\/es\/wp-json\/wp\/v2\/pages\/47\/revisions"}],"predecessor-version":[{"id":6252,"href":"https:\/\/aldeasvivas.gal\/es\/wp-json\/wp\/v2\/pages\/47\/revisions\/6252"}],"wp:attachment":[{"href":"https:\/\/aldeasvivas.gal\/es\/wp-json\/wp\/v2\/media?parent=47"}],"curies":[{"name":"wp","href":"https:\/\/api.w.org\/{rel}","templated":true}]}}